{"id":5204,"date":"2022-05-16T06:23:13","date_gmt":"2022-05-16T09:23:13","guid":{"rendered":"https:\/\/naldotur.com.br\/?post_type=product&#038;p=5204"},"modified":"2024-08-13T20:10:40","modified_gmt":"2024-08-13T23:10:40","slug":"dunas-de-marape","status":"publish","type":"product","link":"https:\/\/naldotur.com.br\/?product=dunas-de-marape","title":{"rendered":"Dunas de Marap\u00e9"},"content":{"rendered":"<p>PRE\u00c7OS DOS OPICIONAIS POR PESSOA DE PASSEIOS NO DESTINO ABAIXO:<\/p>\n<p>DUNAS DE MARAP\u00c9<br \/>\nDay Use: <strong>R$ 100,00<\/strong><\/p>\n<p>(Travessia ida e volta, usar toda estrutura e o almo\u00e7o incluso com um buffet de frutos do mar e muito camar\u00e3o a vontade.<\/p>\n","protected":false},"excerpt":{"rendered":"<p>PRE\u00c7OS DOS OPICIONAIS POR PESSOA DE PASSEIOS NO DESTINO ABAIXO: DUNAS DE MARAP\u00c9 Day Use: R$ 100,00 (Travessia ida e volta, usar toda estrutura e o almo\u00e7o incluso com um buffet de frutos do mar e muito camar\u00e3o a vontade.<\/p>\n","protected":false},"featured_media":5207,"comment_status":"open","ping_status":"closed","template":"","meta":{"site-sidebar-layout":"default","site-content-layout":"default","ast-site-content-layout":"default","site-content-style":"default","site-sidebar-style":"default","ast-global-header-display":"","ast-banner-title-visibility":"","ast-main-header-display":"","ast-hfb-above-header-display":"","ast-hfb-below-header-display":"","ast-hfb-mobile-header-display":"","site-post-title":"","ast-breadcrumbs-content":"","ast-featured-img":"","footer-sml-layout":"","theme-transparent-header-meta":"default","adv-header-id-meta":"","stick-header-meta":"","header-above-stick-meta":"","header-main-stick-meta":"","header-below-stick-meta":"","astra-migrate-meta-layouts":"set","ast-page-background-enabled":"default","ast-page-background-meta":{"desktop":{"background-color":"","background-image":"","background-repeat":"repeat","background-position":"center center","background-size":"auto","background-attachment":"scroll","background-type":"","background-media":"","overlay-type":"","overlay-color":"","overlay-opacity":"","overlay-gradient":""},"tablet":{"background-color":"","background-image":"","background-repeat":"repeat","background-position":"center center","background-size":"auto","background-attachment":"scroll","background-type":"","background-media":"","overlay-type":"","overlay-color":"","overlay-opacity":"","overlay-gradient":""},"mobile":{"background-color":"","background-image":"","background-repeat":"repeat","background-position":"center center","background-size":"auto","background-attachment":"scroll","background-type":"","background-media":"","overlay-type":"","overlay-color":"","overlay-opacity":"","overlay-gradient":""}},"ast-content-background-meta":{"desktop":{"background-color":"var(--ast-global-color-5)","background-image":"","background-repeat":"repeat","background-position":"center center","background-size":"auto","background-attachment":"scroll","background-type":"","background-media":"","overlay-type":"","overlay-color":"","overlay-opacity":"","overlay-gradient":""},"tablet":{"background-color":"var(--ast-global-color-5)","background-image":"","background-repeat":"repeat","background-position":"center center","background-size":"auto","background-attachment":"scroll","background-type":"","background-media":"","overlay-type":"","overlay-color":"","overlay-opacity":"","overlay-gradient":""},"mobile":{"background-color":"var(--ast-global-color-5)","background-image":"","background-repeat":"repeat","background-position":"center center","background-size":"auto","background-attachment":"scroll","background-type":"","background-media":"","overlay-type":"","overlay-color":"","overlay-opacity":"","overlay-gradient":""}},"_joinchat":[]},"product_cat":[38,32],"product_tag":[],"class_list":{"0":"post-5204","1":"product","2":"type-product","3":"status-publish","4":"has-post-thumbnail","6":"product_cat-alagoas","7":"product_cat-passeios-turisticos","8":"desktop-align-left","9":"tablet-align-left","10":"mobile-align-left","12":"first","13":"instock","14":"shipping-taxable","15":"purchasable","16":"product-type-variable"},"_links":{"self":[{"href":"https:\/\/naldotur.com.br\/index.php?rest_route=\/wp\/v2\/product\/5204","targetHints":{"allow":["GET"]}}],"collection":[{"href":"https:\/\/naldotur.com.br\/index.php?rest_route=\/wp\/v2\/product"}],"about":[{"href":"https:\/\/naldotur.com.br\/index.php?rest_route=\/wp\/v2\/types\/product"}],"replies":[{"embeddable":true,"href":"https:\/\/naldotur.com.br\/index.php?rest_route=%2Fwp%2Fv2%2Fcomments&post=5204"}],"wp:featuredmedia":[{"embeddable":true,"href":"https:\/\/naldotur.com.br\/index.php?rest_route=\/wp\/v2\/media\/5207"}],"wp:attachment":[{"href":"https:\/\/naldotur.com.br\/index.php?rest_route=%2Fwp%2Fv2%2Fmedia&parent=5204"}],"wp:term":[{"taxonomy":"product_cat","embeddable":true,"href":"https:\/\/naldotur.com.br\/index.php?rest_route=%2Fwp%2Fv2%2Fproduct_cat&post=5204"},{"taxonomy":"product_tag","embeddable":true,"href":"https:\/\/naldotur.com.br\/index.php?rest_route=%2Fwp%2Fv2%2Fproduct_tag&post=5204"}],"curies":[{"name":"wp","href":"https:\/\/api.w.org\/{rel}","templated":true}]}}